{"id":579,"date":"2019-08-19T12:42:41","date_gmt":"2019-08-19T12:42:41","guid":{"rendered":"https:\/\/www.t-alacarte.com\/foxi\/"},"modified":"2019-10-18T09:21:12","modified_gmt":"2019-10-18T09:21:12","slug":"foxi","status":"publish","type":"page","link":"https:\/\/www.travel-tacpay.com\/cs\/foxi\/","title":{"rendered":"Foxi"},"content":{"rendered":"<div class=\"wpb-content-wrapper\"><p>[vc_row equal_height=&#8220;yes&#8220; content_placement=&#8220;middle&#8220; el_class=&#8220;wallet-banner&#8220;][vc_column offset=&#8220;vc_col-lg-4 vc_col-md-4&#8243; el_class=&#8220;mobile-order-2&#8243;][vc_row_inner equal_height=&#8220;yes&#8220; content_placement=&#8220;middle&#8220; el_class=&#8220;icon-row&#8220;][vc_column_inner el_class=&#8220;icon-col&#8220; offset=&#8220;vc_col-lg-3 vc_col-md-3&#8243;][vc_raw_html el_class=&#8220;wallet-icon&#8220;]JTNDaSUyMGNsYXNzJTNEJTIyZmFsJTIwZmEtY29uY2llcmdlLWJlbGwlMjIlM0UlM0MlMkZpJTNF[\/vc_raw_html][\/vc_column_inner][vc_column_inner el_class=&#8220;text-col&#8220; offset=&#8220;vc_col-lg-9 vc_col-md-9&#8243;][vc_column_text]<\/p>\n<p>Foxi je k dispozici 24\/7<\/p>\n<p>[\/vc_column_text][\/vc_column_inner][\/vc_row_inner][vc_row_inner equal_height=&#8220;yes&#8220; content_placement=&#8220;middle&#8220; el_class=&#8220;icon-row&#8220;][vc_column_inner el_class=&#8220;text-col-left&#8220; offset=&#8220;vc_col-md-9&#8243;][vc_column_text]Foxi v\u00e1s tak\u00e9 m\u016f\u017ee inspirovat k va\u0161emu dal\u0161\u00edmu dobrodru\u017estv\u00ed![\/vc_column_text][\/vc_column_inner][vc_column_inner el_class=&#8220;icon-col&#8220; offset=&#8220;vc_col-md-3&#8243;][vc_raw_html el_class=&#8220;wallet-icon&#8220;]JTNDaSUyMGNsYXNzJTNEJTIyZmFsJTIwZmEtbHVnZ2FnZS1jYXJ0JTIyJTNFJTNDJTJGaSUzRQ==[\/vc_raw_html][\/vc_column_inner][\/vc_row_inner][vc_row_inner equal_height=&#8220;yes&#8220; content_placement=&#8220;middle&#8220; el_class=&#8220;icon-row&#8220;][vc_column_inner el_class=&#8220;icon-col&#8220; offset=&#8220;vc_col-md-3&#8243;][vc_raw_html el_class=&#8220;wallet-icon&#8220;]JTNDaSUyMGNsYXNzJTNEJTIyZmFsJTIwZmEtYmFkZ2UtZG9sbGFyJTIyJTNFJTNDJTJGaSUzRQ==[\/vc_raw_html][\/vc_column_inner][vc_column_inner el_class=&#8220;text-col&#8220; offset=&#8220;vc_col-md-9&#8243;][vc_column_text]Chcete zn\u00e1t nej\u017ehav\u011bj\u0161\u00ed nab\u00eddku t\u00fddne? Zeptejte se Foxi![\/vc_column_text][\/vc_column_inner][\/vc_row_inner][vc_row_inner equal_height=&#8220;yes&#8220; content_placement=&#8220;middle&#8220; el_class=&#8220;icon-row&#8220;][vc_column_inner el_class=&#8220;text-col-left&#8220; offset=&#8220;vc_col-md-9&#8243;][vc_column_text]Foxi hovo\u0159\u00ed i va\u0161\u00edm jazykem![\/vc_column_text][\/vc_column_inner][vc_column_inner el_class=&#8220;icon-col&#8220; offset=&#8220;vc_col-md-3&#8243;][vc_raw_html el_class=&#8220;wallet-icon&#8220;]JTNDaSUyMGNsYXNzJTNEJTIyZmFsJTIwZmEtZ2xvYmUlMjIlM0UlM0MlMkZpJTNF[\/vc_raw_html][\/vc_column_inner][\/vc_row_inner][\/vc_column][vc_column offset=&#8220;vc_col-lg-4 vc_col-md-4&#8243; el_class=&#8220;mobile-order-3&#8243;][vc_raw_html]JTNDZGl2JTIwY2xhc3MlM0QlMjJwaG9uZS1zdGF0aWMlMjBwaG9uZS1zY2FsaW5nJTIwc2NyZWVuLTA3JTIyJTNFJTBBJTIwJTIwJTNDZGl2JTIwY2xhc3MlM0QlMjJwaG9uZS13cmFwcGVyJTIyJTNFJTNDJTJGZGl2JTNFJTBBJTIwJTIwJTNDZGl2JTIwY2xhc3MlM0QlMjJwaG9uZS1jb250ZW50JTIyJTNFJTBBJTIwJTIwJTIwJTIwJTNDdmlkZW8lMjBhdXRvcGxheSUyMG11dGVkJTIwbG9vcCUyMGNsYXNzJTNEJTIydmlkZW8tc2NyZWVuJTIyJTNFJTBBJTIwJTIwJTIwJTIwJTIwJTIwJTNDc291cmNlJTIwc3JjJTNEJTIyaHR0cHMlM0ElMkYlMkZ3d3cudC1hbGFjYXJ0ZS5jb20lMkZ3cC1jb250ZW50JTJGdGhlbWVzJTJGdGFsYWNhcnRlMjAxOSUyRnZpZGVvcyUyRnNjcmVlbl92aWRlby5tcDQlMjIlMjB0eXBlJTNEJTIydmlkZW8lMkZtcDQlMjIlM0UlMEElMjAlMjAlMjAlMjAlM0MlMkZ2aWRlbyUzRSUwQSUyMCUyMCUzQyUyRmRpdiUzRSUwQSUzQyUyRmRpdiUzRQ==[\/vc_raw_html][\/vc_column][vc_column offset=&#8220;vc_col-lg-4 vc_col-md-4&#8243; el_class=&#8220;mobile-order-1&#8243;][vc_column_text el_class=&#8220;phone-text&#8220;]<\/p>\n<h2>Nejlep\u0161\u00ed virtu\u00e1ln\u00ed cestovn\u00ed asistent<\/h2>\n<p>M\u016f\u017eete si odpo\u010dinout, zat\u00edmco va\u0161e Foxi zpracuje pl\u00e1nov\u00e1n\u00ed a rezervace za v\u00e1s.[\/vc_column_text][vc_row_inner equal_height=&#8220;yes&#8220; content_placement=&#8220;middle&#8220; el_class=&#8220;icon-row&#8220;][vc_column_inner el_class=&#8220;icon-col&#8220; offset=&#8220;vc_col-md-3&#8243;][vc_single_image image=&#8220;542&#8243;][\/vc_column_inner][vc_column_inner el_class=&#8220;text-col&#8220; offset=&#8220;vc_col-md-9&#8243;][vc_column_text]Foxi je vylep\u0161en\u00fd virtu\u00e1ln\u00ed cestovn\u00ed asistent, kter\u00fd p\u0159izp\u016fsob\u00ed sv\u00fdm u\u017eivatel\u016fm doporu\u010den\u00ed na m\u00edru a garantuje v\u010dasnou odpov\u011b\u010f v\u0161em.[\/vc_column_text][\/vc_column_inner][\/vc_row_inner][\/vc_column][\/vc_row][vc_row][vc_column][vc_column_text]<\/p>\n<h2 style=\"text-align: center;\">Sta\u0148te se sou\u010d\u00e1st\u00ed nov\u00e9ho zp\u016fsobu cestov\u00e1n\u00ed.<\/h2>\n<p>[\/vc_column_text][vc_btn title=&#8220;Download the App now&#8220; align=&#8220;center&#8220; el_class=&#8220;download-app-trigger gradient-button&#8220;][vc_column_text]<\/p>\n<p style=\"text-align: center;\">Join the travelution!<\/p>\n<p>[\/vc_column_text][\/vc_column][\/vc_row]<\/p>\n<\/div>","protected":false},"excerpt":{"rendered":"<p>[vc_row equal_height=&#8220;yes&#8220; content_placement=&#8220;middle&#8220; el_class=&#8220;wallet-banner&#8220;][vc_column offset=&#8220;vc_col-lg-4 vc_col-md-4&#8243; el_class=&#8220;mobile-order-2&#8243;][vc_row_inner equal_height=&#8220;yes&#8220; content_placement=&#8220;middle&#8220; el_class=&#8220;icon-row&#8220;][vc_column_inner el_class=&#8220;icon-col&#8220; offset=&#8220;vc_col-lg-3 vc_col-md-3&#8243;][vc_raw_html el_class=&#8220;wallet-icon&#8220;]JTNDaSUyMGNsYXNzJTNEJTIyZmFsJTIwZmEtY29uY2llcmdlLWJlbGwlMjIlM0UlM0MlMkZpJTNF[\/vc_raw_html][\/vc_column_inner][vc_column_inner el_class=&#8220;text-col&#8220; offset=&#8220;vc_col-lg-9 vc_col-md-9&#8243;][vc_column_text] Foxi je k dispozici 24\/7 [\/vc_column_text][\/vc_column_inner][\/vc_row_inner][vc_row_inner equal_height=&#8220;yes&#8220; content_placement=&#8220;middle&#8220; el_class=&#8220;icon-row&#8220;][vc_column_inner el_class=&#8220;text-col-left&#8220; offset=&#8220;vc_col-md-9&#8243;][vc_column_text]Foxi v\u00e1s tak\u00e9 m\u016f\u017ee inspirovat k va\u0161emu dal\u0161\u00edmu dobrodru\u017estv\u00ed![\/vc_column_text][\/vc_column_inner][vc_column_inner el_class=&#8220;icon-col&#8220; offset=&#8220;vc_col-md-3&#8243;][vc_raw_html el_class=&#8220;wallet-icon&#8220;]JTNDaSUyMGNsYXNzJTNEJTIyZmFsJTIwZmEtbHVnZ2FnZS1jYXJ0JTIyJTNFJTNDJTJGaSUzRQ==[\/vc_raw_html][\/vc_column_inner][\/vc_row_inner][vc_row_inner equal_height=&#8220;yes&#8220; content_placement=&#8220;middle&#8220; el_class=&#8220;icon-row&#8220;][vc_column_inner el_class=&#8220;icon-col&#8220; offset=&#8220;vc_col-md-3&#8243;][vc_raw_html el_class=&#8220;wallet-icon&#8220;]JTNDaSUyMGNsYXNzJTNEJTIyZmFsJTIwZmEtYmFkZ2UtZG9sbGFyJTIyJTNFJTNDJTJGaSUzRQ==[\/vc_raw_html][\/vc_column_inner][vc_column_inner el_class=&#8220;text-col&#8220; offset=&#8220;vc_col-md-9&#8243;][vc_column_text]Chcete zn\u00e1t nej\u017ehav\u011bj\u0161\u00ed nab\u00eddku t\u00fddne? Zeptejte se Foxi![\/vc_column_text][\/vc_column_inner][\/vc_row_inner][vc_row_inner equal_height=&#8220;yes&#8220; [&hellip;]<\/p>\n","protected":false},"author":1,"featured_media":0,"parent":0,"menu_order":0,"comment_status":"closed","ping_status":"closed","template":"","meta":{"footnotes":""},"class_list":["post-579","page","type-page","status-publish","hentry"],"_links":{"self":[{"href":"https:\/\/www.travel-tacpay.com\/cs\/wp-json\/wp\/v2\/pages\/579","targetHints":{"allow":["GET"]}}],"collection":[{"href":"https:\/\/www.travel-tacpay.com\/cs\/wp-json\/wp\/v2\/pages"}],"about":[{"href":"https:\/\/www.travel-tacpay.com\/cs\/wp-json\/wp\/v2\/types\/page"}],"author":[{"embeddable":true,"href":"https:\/\/www.travel-tacpay.com\/cs\/wp-json\/wp\/v2\/users\/1"}],"replies":[{"embeddable":true,"href":"https:\/\/www.travel-tacpay.com\/cs\/wp-json\/wp\/v2\/comments?post=579"}],"version-history":[{"count":0,"href":"https:\/\/www.travel-tacpay.com\/cs\/wp-json\/wp\/v2\/pages\/579\/revisions"}],"wp:attachment":[{"href":"https:\/\/www.travel-tacpay.com\/cs\/wp-json\/wp\/v2\/media?parent=579"}],"curies":[{"name":"wp","href":"https:\/\/api.w.org\/{rel}","templated":true}]}}